{"id":806,"date":"2025-06-26T15:41:20","date_gmt":"2025-06-26T15:41:20","guid":{"rendered":"https:\/\/psinayarateofilo.com\/?page_id=806"},"modified":"2025-07-02T16:10:15","modified_gmt":"2025-07-02T16:10:15","slug":"vendas","status":"publish","type":"page","link":"https:\/\/psinayarateofilo.com\/?page_id=806","title":{"rendered":"vendas"},"content":{"rendered":"\t\t<div data-elementor-type=\"wp-page\" data-elementor-id=\"806\" class=\"elementor elementor-806\" data-elementor-settings=\"{&quot;ha_cmc_init_switcher&quot;:&quot;no&quot;}\" data-elementor-post-type=\"page\">\n\t\t\t\t<div class=\"elementor-element elementor-element-19c1991 e-flex e-con-boxed wpr-particle-no wpr-jarallax-no wpr-parallax-no wpr-sticky-section-no e-con e-parent\" data-id=\"19c1991\" data-element_type=\"container\" data-e-type=\"container\" data-settings=\"{&quot;_ha_eqh_enable&quot;:false}\">\n\t\t\t\t\t<div class=\"e-con-inner\">\n\t\t\t\t<div class=\"elementor-element elementor-element-5d6a5ba elementor-nav-menu__align-end elementor-nav-menu--dropdown-tablet elementor-nav-menu__text-align-aside elementor-nav-menu--toggle elementor-nav-menu--burger elementor-widget elementor-widget-nav-menu\" data-id=\"5d6a5ba\" data-element_type=\"widget\" data-e-type=\"widget\" data-settings=\"{&quot;layout&quot;:&quot;horizontal&quot;,&quot;submenu_icon&quot;:{&quot;value&quot;:&quot;&lt;svg aria-hidden=\\&quot;true\\&quot; class=\\&quot;e-font-icon-svg e-fas-caret-down\\&quot; viewBox=\\&quot;0 0 320 512\\&quot; xmlns=\\&quot;http:\\\/\\\/www.w3.org\\\/2000\\\/svg\\&quot;&gt;&lt;path d=\\&quot;M31.3 192h257.3c17.8 0 26.7 21.5 14.1 34.1L174.1 354.8c-7.8 7.8-20.5 7.8-28.3 0L17.2 226.1C4.6 213.5 13.5 192 31.3 192z\\&quot;&gt;&lt;\\\/path&gt;&lt;\\\/svg&gt;&quot;,&quot;library&quot;:&quot;fa-solid&quot;},&quot;toggle&quot;:&quot;burger&quot;}\" data-widget_type=\"nav-menu.default\">\n\t\t\t\t\t\t\t\t<nav aria-label=\"Menu\" class=\"elementor-nav-menu--main elementor-nav-menu__container elementor-nav-menu--layout-horizontal e--pointer-underline e--animation-fade\">\n\t\t\t\t<ul id=\"menu-1-5d6a5ba\" class=\"elementor-nav-menu\"><li class=\"menu-item menu-item-type-custom menu-item-object-custom menu-item-552\"><a href=\"#inicio\" class=\"elementor-item elementor-item-anchor\">In\u00edcio<\/a><\/li>\n<li class=\"menu-item menu-item-type-custom menu-item-object-custom menu-item-553\"><a href=\"#sobremim\" class=\"elementor-item elementor-item-anchor\">Sobre mim<\/a><\/li>\n<li class=\"menu-item menu-item-type-custom menu-item-object-custom menu-item-554\"><a href=\"#psicoterapia\" class=\"elementor-item elementor-item-anchor\">Psicoterapia<\/a><\/li>\n<li class=\"menu-item menu-item-type-custom menu-item-object-custom menu-item-555\"><a href=\"#duvidas\" class=\"elementor-item elementor-item-anchor\">D\u00favidas<\/a><\/li>\n<li class=\"menu-item menu-item-type-post_type menu-item-object-page current_page_parent menu-item-2954\"><a href=\"https:\/\/psinayarateofilo.com\/?page_id=2909\" class=\"elementor-item\">Blog<\/a><\/li>\n<li class=\"menu-item menu-item-type-post_type menu-item-object-page menu-item-5951\"><a href=\"https:\/\/psinayarateofilo.com\/?page_id=5949\" class=\"elementor-item\">Atendimentos<\/a><\/li>\n<\/ul>\t\t\t<\/nav>\n\t\t\t\t\t<div class=\"elementor-menu-toggle\" role=\"button\" tabindex=\"0\" aria-label=\"Menu Toggle\" aria-expanded=\"false\">\n\t\t\t<svg aria-hidden=\"true\" role=\"presentation\" class=\"elementor-menu-toggle__icon--open e-font-icon-svg e-eicon-menu-bar\" viewBox=\"0 0 1000 1000\" xmlns=\"http:\/\/www.w3.org\/2000\/svg\"><path d=\"M104 333H896C929 333 958 304 958 271S929 208 896 208H104C71 208 42 237 42 271S71 333 104 333ZM104 583H896C929 583 958 554 958 521S929 458 896 458H104C71 458 42 487 42 521S71 583 104 583ZM104 833H896C929 833 958 804 958 771S929 708 896 708H104C71 708 42 737 42 771S71 833 104 833Z\"><\/path><\/svg><svg aria-hidden=\"true\" role=\"presentation\" class=\"elementor-menu-toggle__icon--close e-font-icon-svg e-eicon-close\" viewBox=\"0 0 1000 1000\" xmlns=\"http:\/\/www.w3.org\/2000\/svg\"><path d=\"M742 167L500 408 258 167C246 154 233 150 217 150 196 150 179 158 167 167 154 179 150 196 150 212 150 229 154 242 171 254L408 500 167 742C138 771 138 800 167 829 196 858 225 858 254 829L496 587 738 829C750 842 767 846 783 846 800 846 817 842 829 829 842 817 846 804 846 783 846 767 842 750 829 737L588 500 833 258C863 229 863 200 833 171 804 137 775 137 742 167Z\"><\/path><\/svg>\t\t<\/div>\n\t\t\t\t\t<nav class=\"elementor-nav-menu--dropdown elementor-nav-menu__container\" aria-hidden=\"true\">\n\t\t\t\t<ul id=\"menu-2-5d6a5ba\" class=\"elementor-nav-menu\"><li class=\"menu-item menu-item-type-custom menu-item-object-custom menu-item-552\"><a href=\"#inicio\" class=\"elementor-item elementor-item-anchor\" tabindex=\"-1\">In\u00edcio<\/a><\/li>\n<li class=\"menu-item menu-item-type-custom menu-item-object-custom menu-item-553\"><a href=\"#sobremim\" class=\"elementor-item elementor-item-anchor\" tabindex=\"-1\">Sobre mim<\/a><\/li>\n<li class=\"menu-item menu-item-type-custom menu-item-object-custom menu-item-554\"><a href=\"#psicoterapia\" class=\"elementor-item elementor-item-anchor\" tabindex=\"-1\">Psicoterapia<\/a><\/li>\n<li class=\"menu-item menu-item-type-custom menu-item-object-custom menu-item-555\"><a href=\"#duvidas\" class=\"elementor-item elementor-item-anchor\" tabindex=\"-1\">D\u00favidas<\/a><\/li>\n<li class=\"menu-item menu-item-type-post_type menu-item-object-page current_page_parent menu-item-2954\"><a href=\"https:\/\/psinayarateofilo.com\/?page_id=2909\" class=\"elementor-item\" tabindex=\"-1\">Blog<\/a><\/li>\n<li class=\"menu-item menu-item-type-post_type menu-item-object-page menu-item-5951\"><a href=\"https:\/\/psinayarateofilo.com\/?page_id=5949\" class=\"elementor-item\" tabindex=\"-1\">Atendimentos<\/a><\/li>\n<\/ul>\t\t\t<\/nav>\n\t\t\t\t\t\t<\/div>\n\t\t\t\t\t<\/div>\n\t\t\t\t<\/div>\n\t\t<div class=\"elementor-element elementor-element-8aab8ec e-flex e-con-boxed wpr-particle-no wpr-jarallax-no wpr-parallax-no wpr-sticky-section-no e-con e-parent\" data-id=\"8aab8ec\" data-element_type=\"container\" data-e-type=\"container\" data-settings=\"{&quot;_ha_eqh_enable&quot;:false}\">\n\t\t\t\t\t<div class=\"e-con-inner\">\n\t\t\t\t<div class=\"elementor-element elementor-element-09a8c35 elementor-widget elementor-widget-link-in-bio-var-5\" data-id=\"09a8c35\" data-element_type=\"widget\" data-e-type=\"widget\" data-settings=\"{&quot;_animation_mobile&quot;:&quot;fadeIn&quot;}\" data-widget_type=\"link-in-bio-var-5.default\">\n\t\t\t\t<div class=\"elementor-widget-container\">\n\t\t\t\t\t\t\t<div class=\"e-link-in-bio e-link-in-bio-var-5 is-full-width is-full-height is-full-height-desktop is-full-height-tablet is-full-height-mobile\">\n\t\t\t<div class=\"e-link-in-bio__content\">\n\n\t\t\t\t\t\t<div class=\"e-link-in-bio__identity\">\n\t\t\t\t\t\t\t\t\t<div class=\"e-link-in-bio__identity-image e-link-in-bio__identity-image-cover\">\n\t\t\t\t\t\t\t<img fetchpriority=\"high\" decoding=\"async\" width=\"233\" height=\"300\" src=\"https:\/\/psinayarateofilo.com\/wp-content\/uploads\/2025\/06\/freepik__create-a-portrait-image-that-reflects-tranquility-__99152-233x300.jpeg\" class=\"e-link-in-bio__identity-image-element\" alt=\"\" srcset=\"https:\/\/psinayarateofilo.com\/wp-content\/uploads\/2025\/06\/freepik__create-a-portrait-image-that-reflects-tranquility-__99152-233x300.jpeg 233w, https:\/\/psinayarateofilo.com\/wp-content\/uploads\/2025\/06\/freepik__create-a-portrait-image-that-reflects-tranquility-__99152-796x1024.jpeg 796w, https:\/\/psinayarateofilo.com\/wp-content\/uploads\/2025\/06\/freepik__create-a-portrait-image-that-reflects-tranquility-__99152-768x987.jpeg 768w, https:\/\/psinayarateofilo.com\/wp-content\/uploads\/2025\/06\/freepik__create-a-portrait-image-that-reflects-tranquility-__99152.jpeg 896w\" sizes=\"(max-width: 233px) 100vw, 233px\" \/>\t\t\t\t\t\t\t\t\t\t\t\t\t<\/div>\n\t\t\t\t\t\t\t<\/div>\n\t\t\t\t\t<div class=\"e-link-in-bio__bio\">\n\t\t\t\t<h3 class=\"e-link-in-bio__heading\">Oi, que bom que est\u00e1 aqui!<\/h3>\t\t\t\t<h3 class=\"e-link-in-bio__title\">Seja bem-vindo(a)!<\/h3>\t\t\t\t\t\t\t\t<p class=\"e-link-in-bio__description\">Esse espa\u00e7o foi criado com carinho para ser um apoio na sua jornada emocional.\nAqui voc\u00ea encontra materiais pr\u00e1ticos e cheios de prop\u00f3sito \u2014 pensados para te ajudar a lidar com as emo\u00e7\u00f5es, se conhecer mais e viver com mais equil\u00edbrio.\nSe voc\u00ea \u00e9 psic\u00f3loga, tamb\u00e9m vai encontrar por aqui recursos que podem enriquecer sua atua\u00e7\u00e3o cl\u00ednica com leveza e funcionalidade.\n\nEstamos s\u00f3 come\u00e7ando \u2014 em breve, novos conte\u00fados estar\u00e3o dispon\u00edveis.\nAproveite o que j\u00e1 est\u00e1 por aqui e volte sempre que sentir vontade. Esse espa\u00e7o tamb\u00e9m \u00e9 seu. \n<\/p>\t\t\t<\/div>\n\t\t\t\t\t<div class=\"e-link-in-bio__icons has-size-medium\">\n\t\t\t\t\t\t\t<div class=\"e-link-in-bio__icon is-size-medium\">\n\t\t\t\t\t<a aria-label=\"WhatsApp\" class=\"e-link-in-bio__icon-link\" href=\"https:\/\/wa.me\/+5517997739753\">\n\t\t\t\t\t\t<span class=\"e-link-in-bio__icon-svg\">\n\t\t\t\t\t\t\t<svg aria-hidden=\"true\" class=\"e-font-icon-svg e-fab-whatsapp\" viewBox=\"0 0 448 512\" xmlns=\"http:\/\/www.w3.org\/2000\/svg\"><path d=\"M380.9 97.1C339 55.1 283.2 32 223.9 32c-122.4 0-222 99.6-222 222 0 39.1 10.2 77.3 29.6 111L0 480l117.7-30.9c32.4 17.7 68.9 27 106.1 27h.1c122.3 0 224.1-99.6 224.1-222 0-59.3-25.2-115-67.1-157zm-157 341.6c-33.2 0-65.7-8.9-94-25.7l-6.7-4-69.8 18.3L72 359.2l-4.4-7c-18.5-29.4-28.2-63.3-28.2-98.2 0-101.7 82.8-184.5 184.6-184.5 49.3 0 95.6 19.2 130.4 54.1 34.8 34.9 56.2 81.2 56.1 130.5 0 101.8-84.9 184.6-186.6 184.6zm101.2-138.2c-5.5-2.8-32.8-16.2-37.9-18-5.1-1.9-8.8-2.8-12.5 2.8-3.7 5.6-14.3 18-17.6 21.8-3.2 3.7-6.5 4.2-12 1.4-32.6-16.3-54-29.1-75.5-66-5.7-9.8 5.7-9.1 16.3-30.3 1.8-3.7.9-6.9-.5-9.7-1.4-2.8-12.5-30.1-17.1-41.2-4.5-10.8-9.1-9.3-12.5-9.5-3.2-.2-6.9-.2-10.6-.2-3.7 0-9.7 1.4-14.8 6.9-5.1 5.6-19.4 19-19.4 46.3 0 27.3 19.9 53.7 22.6 57.4 2.8 3.7 39.1 59.7 94.8 83.8 35.2 15.2 49 16.5 66.6 13.9 10.7-1.6 32.8-13.4 37.4-26.4 4.6-13 4.6-24.1 3.2-26.4-1.3-2.5-5-3.9-10.5-6.6z\"><\/path><\/svg>\t\t\t\t\t\t<\/span>\n\t\t\t\t\t\t\t\t\t\t\t<\/a>\n\t\t\t\t<\/div>\n\t\t\t\t\t<\/div>\n\t\t\n\t\t<div class=\"e-link-in-bio__ctas has-type-button\">\n\t\t\t\t\t\t\t<a href=\"https:\/\/psicologanayarateofilo.my.canva.site\/c-pia-de-baixe-agora\" target=\"_blank\" rel=\"noopener \" class=\"e-link-in-bio__cta is-type-button has-image has-corners-rounded\">\n\t\t\t\t\t\t\t\t\t\t\t<span class=\"e-link-in-bio__cta-image\">\n\t\t\t\t\t\t\t<img decoding=\"async\" width=\"150\" height=\"150\" src=\"https:\/\/psinayarateofilo.com\/wp-content\/uploads\/2025\/06\/About-e1750952138370-150x150.png\" class=\"e-link-in-bio__cta-image-element\" alt=\"\" \/>\t\t\t\t\t\t<\/span>\n\t\t\t\t\t\t\t\t\t\t<span class=\"e-link-in-bio__cta-text\">\n\t\t\t\t\t\tE-book \t\t\t\t\t<\/span>\n\t\t\t\t<\/a>\n\t\t\t\t\t\t\t<a href=\"https:\/\/go.hotmart.com\/K97981474K\" target=\"_blank\" rel=\"noopener \" class=\"e-link-in-bio__cta is-type-button has-image has-corners-rounded\">\n\t\t\t\t\t\t\t\t\t\t\t<span class=\"e-link-in-bio__cta-image\">\n\t\t\t\t\t\t\t<img decoding=\"async\" width=\"150\" height=\"150\" src=\"https:\/\/psinayarateofilo.com\/wp-content\/uploads\/2025\/06\/Anuncios-Organiza-Psi-imagem-2-quadrada--150x150.png\" class=\"e-link-in-bio__cta-image-element\" alt=\"\" srcset=\"https:\/\/psinayarateofilo.com\/wp-content\/uploads\/2025\/06\/Anuncios-Organiza-Psi-imagem-2-quadrada--150x150.png 150w, https:\/\/psinayarateofilo.com\/wp-content\/uploads\/2025\/06\/Anuncios-Organiza-Psi-imagem-2-quadrada--300x300.png 300w, https:\/\/psinayarateofilo.com\/wp-content\/uploads\/2025\/06\/Anuncios-Organiza-Psi-imagem-2-quadrada--1024x1024.png 1024w, https:\/\/psinayarateofilo.com\/wp-content\/uploads\/2025\/06\/Anuncios-Organiza-Psi-imagem-2-quadrada--768x768.png 768w, https:\/\/psinayarateofilo.com\/wp-content\/uploads\/2025\/06\/Anuncios-Organiza-Psi-imagem-2-quadrada--1536x1536.png 1536w, https:\/\/psinayarateofilo.com\/wp-content\/uploads\/2025\/06\/Anuncios-Organiza-Psi-imagem-2-quadrada--2048x2048.png 2048w\" sizes=\"(max-width: 150px) 100vw, 150px\" \/>\t\t\t\t\t\t<\/span>\n\t\t\t\t\t\t\t\t\t\t<span class=\"e-link-in-bio__cta-text\">\n\t\t\t\t\t\tPlanner Organiza Psi (para psic\u00f3logos)\t\t\t\t\t<\/span>\n\t\t\t\t<\/a>\n\t\t\t\t\t<\/div>\n\t\t\n\t\t\t<\/div>\n\t\t\t<div class=\"e-link-in-bio__bg\">\n\t\t\t\t<div class=\"e-link-in-bio__bg-overlay\"><\/div>\n\t\t\t<\/div>\n\t\t<\/div>\n\t\t\t\t\t\t<\/div>\n\t\t\t\t<\/div>\n\t\t\t\t\t<\/div>\n\t\t\t\t<\/div>\n\t\t\t\t<\/div>\n\t\t","protected":false},"excerpt":{"rendered":"<p>Oi, que bom que est\u00e1 aqui! Seja bem-vindo(a)! Esse espa\u00e7o foi criado com carinho para ser um apoio na sua jornada emocional. Aqui voc\u00ea encontra materiais pr\u00e1ticos e cheios de prop\u00f3sito \u2014 pensados para te ajudar a lidar com as emo\u00e7\u00f5es, se conhecer mais e viver com mais equil\u00edbrio. Se voc\u00ea \u00e9 psic\u00f3loga, tamb\u00e9m vai encontrar por aqui recursos que podem enriquecer sua atua\u00e7\u00e3o cl\u00ednica com leveza e funcionalidade. Estamos s\u00f3 come\u00e7ando \u2014 em breve, novos conte\u00fados estar\u00e3o dispon\u00edveis. Aproveite o que j\u00e1 est\u00e1 por aqui e volte sempre que sentir vontade. Esse espa\u00e7o tamb\u00e9m \u00e9 seu. E-book Planner Organiza Psi (para psic\u00f3logos)<\/p>\n","protected":false},"author":1,"featured_media":0,"parent":0,"menu_order":0,"comment_status":"closed","ping_status":"closed","template":"elementor_canvas","meta":{"footnotes":""},"class_list":["post-806","page","type-page","status-publish","hentry"],"_hostinger_reach_plugin_has_subscription_block":false,"_hostinger_reach_plugin_is_elementor":false,"_links":{"self":[{"href":"https:\/\/psinayarateofilo.com\/index.php?rest_route=\/wp\/v2\/pages\/806","targetHints":{"allow":["GET"]}}],"collection":[{"href":"https:\/\/psinayarateofilo.com\/index.php?rest_route=\/wp\/v2\/pages"}],"about":[{"href":"https:\/\/psinayarateofilo.com\/index.php?rest_route=\/wp\/v2\/types\/page"}],"author":[{"embeddable":true,"href":"https:\/\/psinayarateofilo.com\/index.php?rest_route=\/wp\/v2\/users\/1"}],"replies":[{"embeddable":true,"href":"https:\/\/psinayarateofilo.com\/index.php?rest_route=%2Fwp%2Fv2%2Fcomments&post=806"}],"version-history":[{"count":34,"href":"https:\/\/psinayarateofilo.com\/index.php?rest_route=\/wp\/v2\/pages\/806\/revisions"}],"predecessor-version":[{"id":2932,"href":"https:\/\/psinayarateofilo.com\/index.php?rest_route=\/wp\/v2\/pages\/806\/revisions\/2932"}],"wp:attachment":[{"href":"https:\/\/psinayarateofilo.com\/index.php?rest_route=%2Fwp%2Fv2%2Fmedia&parent=806"}],"curies":[{"name":"wp","href":"https:\/\/api.w.org\/{rel}","templated":true}]}}