{"id":536,"date":"2025-06-03T19:59:13","date_gmt":"2025-06-03T19:59:13","guid":{"rendered":"https:\/\/psinayarateofilo.com\/?page_id=536"},"modified":"2025-07-02T23:54:07","modified_gmt":"2025-07-02T23:54:07","slug":"sobre-mim-2","status":"publish","type":"page","link":"https:\/\/psinayarateofilo.com\/?page_id=536","title":{"rendered":"Sobre mim"},"content":{"rendered":"\t\t<div data-elementor-type=\"wp-page\" data-elementor-id=\"536\" class=\"elementor elementor-536\" data-elementor-settings=\"{&quot;ha_cmc_init_switcher&quot;:&quot;no&quot;}\" data-elementor-post-type=\"page\">\n\t\t\t\t<div class=\"elementor-element elementor-element-65faad3a e-con-full e-flex wpr-particle-no wpr-jarallax-no wpr-parallax-no wpr-sticky-section-no e-con e-parent\" data-id=\"65faad3a\" data-element_type=\"container\" data-e-type=\"container\" data-settings=\"{&quot;background_background&quot;:&quot;classic&quot;,&quot;sticky&quot;:&quot;top&quot;,&quot;_ha_eqh_enable&quot;:false,&quot;sticky_on&quot;:[&quot;desktop&quot;,&quot;tablet&quot;,&quot;mobile&quot;],&quot;sticky_offset&quot;:0,&quot;sticky_effects_offset&quot;:0,&quot;sticky_anchor_link_offset&quot;:0}\">\n\t\t\t\t<div class=\"elementor-element elementor-element-747b5978 elementor-widget-mobile__width-initial elementor-widget__width-initial elementor-widget elementor-widget-image\" data-id=\"747b5978\" data-element_type=\"widget\" data-e-type=\"widget\" data-widget_type=\"image.default\">\n\t\t\t\t\t\t\t\t\t\t\t\t\t\t\t\t<a href=\"https:\/\/psinayarateofilo.com\">\n\t\t\t\t\t\t\t<img fetchpriority=\"high\" decoding=\"async\" width=\"2560\" height=\"1440\" src=\"https:\/\/psinayarateofilo.com\/wp-content\/uploads\/2025\/06\/1-2-scaled.png\" class=\"attachment-full size-full wp-image-1556\" alt=\"\" srcset=\"https:\/\/psinayarateofilo.com\/wp-content\/uploads\/2025\/06\/1-2-scaled.png 2560w, https:\/\/psinayarateofilo.com\/wp-content\/uploads\/2025\/06\/1-2-300x169.png 300w, https:\/\/psinayarateofilo.com\/wp-content\/uploads\/2025\/06\/1-2-1024x576.png 1024w, https:\/\/psinayarateofilo.com\/wp-content\/uploads\/2025\/06\/1-2-768x432.png 768w, https:\/\/psinayarateofilo.com\/wp-content\/uploads\/2025\/06\/1-2-1536x864.png 1536w, https:\/\/psinayarateofilo.com\/wp-content\/uploads\/2025\/06\/1-2-2048x1152.png 2048w\" sizes=\"(max-width: 2560px) 100vw, 2560px\" \/>\t\t\t\t\t\t\t\t<\/a>\n\t\t\t\t\t\t\t\t\t\t\t\t\t\t\t<\/div>\n\t\t\t\t<div class=\"elementor-element elementor-element-792f865e elementor-nav-menu__align-center elementor-nav-menu--stretch elementor-nav-menu--dropdown-mobile elementor-widget-tablet__width-initial elementor-widget-mobile__width-initial elementor-nav-menu__text-align-aside elementor-nav-menu--toggle elementor-nav-menu--burger elementor-widget elementor-widget-nav-menu\" data-id=\"792f865e\" data-element_type=\"widget\" data-e-type=\"widget\" data-settings=\"{&quot;full_width&quot;:&quot;stretch&quot;,&quot;toggle_icon_hover_animation&quot;:&quot;pulse&quot;,&quot;_animation&quot;:&quot;none&quot;,&quot;layout&quot;:&quot;horizontal&quot;,&quot;submenu_icon&quot;:{&quot;value&quot;:&quot;&lt;svg aria-hidden=\\&quot;true\\&quot; class=\\&quot;e-font-icon-svg e-fas-caret-down\\&quot; viewBox=\\&quot;0 0 320 512\\&quot; xmlns=\\&quot;http:\\\/\\\/www.w3.org\\\/2000\\\/svg\\&quot;&gt;&lt;path d=\\&quot;M31.3 192h257.3c17.8 0 26.7 21.5 14.1 34.1L174.1 354.8c-7.8 7.8-20.5 7.8-28.3 0L17.2 226.1C4.6 213.5 13.5 192 31.3 192z\\&quot;&gt;&lt;\\\/path&gt;&lt;\\\/svg&gt;&quot;,&quot;library&quot;:&quot;fa-solid&quot;},&quot;toggle&quot;:&quot;burger&quot;}\" data-widget_type=\"nav-menu.default\">\n\t\t\t\t\t\t\t\t<nav aria-label=\"Menu\" class=\"elementor-nav-menu--main elementor-nav-menu__container elementor-nav-menu--layout-horizontal e--pointer-underline e--animation-grow\">\n\t\t\t\t<ul id=\"menu-1-792f865e\" class=\"elementor-nav-menu\"><li class=\"menu-item menu-item-type-custom menu-item-object-custom menu-item-552\"><a href=\"#inicio\" class=\"elementor-item elementor-item-anchor\">In\u00edcio<\/a><\/li>\n<li class=\"menu-item menu-item-type-custom menu-item-object-custom menu-item-553\"><a href=\"#sobremim\" class=\"elementor-item elementor-item-anchor\">Sobre mim<\/a><\/li>\n<li class=\"menu-item menu-item-type-custom menu-item-object-custom menu-item-554\"><a href=\"#psicoterapia\" class=\"elementor-item elementor-item-anchor\">Psicoterapia<\/a><\/li>\n<li class=\"menu-item menu-item-type-custom menu-item-object-custom menu-item-555\"><a href=\"#duvidas\" class=\"elementor-item elementor-item-anchor\">D\u00favidas<\/a><\/li>\n<li class=\"menu-item menu-item-type-post_type menu-item-object-page current_page_parent menu-item-2954\"><a href=\"https:\/\/psinayarateofilo.com\/?page_id=2909\" class=\"elementor-item\">Blog<\/a><\/li>\n<li class=\"menu-item menu-item-type-post_type menu-item-object-page menu-item-5951\"><a href=\"https:\/\/psinayarateofilo.com\/?page_id=5949\" class=\"elementor-item\">Atendimentos<\/a><\/li>\n<\/ul>\t\t\t<\/nav>\n\t\t\t\t\t<div class=\"elementor-menu-toggle\" role=\"button\" tabindex=\"0\" aria-label=\"Menu Toggle\" aria-expanded=\"false\">\n\t\t\t<svg aria-hidden=\"true\" role=\"presentation\" class=\"elementor-menu-toggle__icon--open elementor-animation-pulse e-font-icon-svg e-eicon-menu-bar\" viewBox=\"0 0 1000 1000\" xmlns=\"http:\/\/www.w3.org\/2000\/svg\"><path d=\"M104 333H896C929 333 958 304 958 271S929 208 896 208H104C71 208 42 237 42 271S71 333 104 333ZM104 583H896C929 583 958 554 958 521S929 458 896 458H104C71 458 42 487 42 521S71 583 104 583ZM104 833H896C929 833 958 804 958 771S929 708 896 708H104C71 708 42 737 42 771S71 833 104 833Z\"><\/path><\/svg><svg aria-hidden=\"true\" role=\"presentation\" class=\"elementor-menu-toggle__icon--close elementor-animation-pulse e-font-icon-svg e-eicon-close\" viewBox=\"0 0 1000 1000\" xmlns=\"http:\/\/www.w3.org\/2000\/svg\"><path d=\"M742 167L500 408 258 167C246 154 233 150 217 150 196 150 179 158 167 167 154 179 150 196 150 212 150 229 154 242 171 254L408 500 167 742C138 771 138 800 167 829 196 858 225 858 254 829L496 587 738 829C750 842 767 846 783 846 800 846 817 842 829 829 842 817 846 804 846 783 846 767 842 750 829 737L588 500 833 258C863 229 863 200 833 171 804 137 775 137 742 167Z\"><\/path><\/svg>\t\t<\/div>\n\t\t\t\t\t<nav class=\"elementor-nav-menu--dropdown elementor-nav-menu__container\" aria-hidden=\"true\">\n\t\t\t\t<ul id=\"menu-2-792f865e\" class=\"elementor-nav-menu\"><li class=\"menu-item menu-item-type-custom menu-item-object-custom menu-item-552\"><a href=\"#inicio\" class=\"elementor-item elementor-item-anchor\" tabindex=\"-1\">In\u00edcio<\/a><\/li>\n<li class=\"menu-item menu-item-type-custom menu-item-object-custom menu-item-553\"><a href=\"#sobremim\" class=\"elementor-item elementor-item-anchor\" tabindex=\"-1\">Sobre mim<\/a><\/li>\n<li class=\"menu-item menu-item-type-custom menu-item-object-custom menu-item-554\"><a href=\"#psicoterapia\" class=\"elementor-item elementor-item-anchor\" tabindex=\"-1\">Psicoterapia<\/a><\/li>\n<li class=\"menu-item menu-item-type-custom menu-item-object-custom menu-item-555\"><a href=\"#duvidas\" class=\"elementor-item elementor-item-anchor\" tabindex=\"-1\">D\u00favidas<\/a><\/li>\n<li class=\"menu-item menu-item-type-post_type menu-item-object-page current_page_parent menu-item-2954\"><a href=\"https:\/\/psinayarateofilo.com\/?page_id=2909\" class=\"elementor-item\" tabindex=\"-1\">Blog<\/a><\/li>\n<li class=\"menu-item menu-item-type-post_type menu-item-object-page menu-item-5951\"><a href=\"https:\/\/psinayarateofilo.com\/?page_id=5949\" class=\"elementor-item\" tabindex=\"-1\">Atendimentos<\/a><\/li>\n<\/ul>\t\t\t<\/nav>\n\t\t\t\t\t\t<\/div>\n\t\t\t\t<div class=\"elementor-element elementor-element-35212383 elementor-shape-circle elementor-widget__width-initial elementor-widget-mobile__width-auto e-grid-align-mobile-center elementor-grid-0 e-grid-align-center elementor-widget elementor-widget-social-icons\" data-id=\"35212383\" data-element_type=\"widget\" data-e-type=\"widget\" data-widget_type=\"social-icons.default\">\n\t\t\t\t\t\t\t<div class=\"elementor-social-icons-wrapper elementor-grid\" role=\"list\">\n\t\t\t\t\t\t\t<span class=\"elementor-grid-item\" role=\"listitem\">\n\t\t\t\t\t<a class=\"elementor-icon elementor-social-icon elementor-social-icon-whatsapp elementor-animation-grow elementor-repeater-item-bdcabae\" href=\"https:\/\/w.app\/psicloganayaratefilo\" target=\"_blank\">\n\t\t\t\t\t\t<span class=\"elementor-screen-only\">Whatsapp<\/span>\n\t\t\t\t\t\t<svg aria-hidden=\"true\" class=\"e-font-icon-svg e-fab-whatsapp\" viewBox=\"0 0 448 512\" xmlns=\"http:\/\/www.w3.org\/2000\/svg\"><path d=\"M380.9 97.1C339 55.1 283.2 32 223.9 32c-122.4 0-222 99.6-222 222 0 39.1 10.2 77.3 29.6 111L0 480l117.7-30.9c32.4 17.7 68.9 27 106.1 27h.1c122.3 0 224.1-99.6 224.1-222 0-59.3-25.2-115-67.1-157zm-157 341.6c-33.2 0-65.7-8.9-94-25.7l-6.7-4-69.8 18.3L72 359.2l-4.4-7c-18.5-29.4-28.2-63.3-28.2-98.2 0-101.7 82.8-184.5 184.6-184.5 49.3 0 95.6 19.2 130.4 54.1 34.8 34.9 56.2 81.2 56.1 130.5 0 101.8-84.9 184.6-186.6 184.6zm101.2-138.2c-5.5-2.8-32.8-16.2-37.9-18-5.1-1.9-8.8-2.8-12.5 2.8-3.7 5.6-14.3 18-17.6 21.8-3.2 3.7-6.5 4.2-12 1.4-32.6-16.3-54-29.1-75.5-66-5.7-9.8 5.7-9.1 16.3-30.3 1.8-3.7.9-6.9-.5-9.7-1.4-2.8-12.5-30.1-17.1-41.2-4.5-10.8-9.1-9.3-12.5-9.5-3.2-.2-6.9-.2-10.6-.2-3.7 0-9.7 1.4-14.8 6.9-5.1 5.6-19.4 19-19.4 46.3 0 27.3 19.9 53.7 22.6 57.4 2.8 3.7 39.1 59.7 94.8 83.8 35.2 15.2 49 16.5 66.6 13.9 10.7-1.6 32.8-13.4 37.4-26.4 4.6-13 4.6-24.1 3.2-26.4-1.3-2.5-5-3.9-10.5-6.6z\"><\/path><\/svg>\t\t\t\t\t<\/a>\n\t\t\t\t<\/span>\n\t\t\t\t\t\t\t<span class=\"elementor-grid-item\" role=\"listitem\">\n\t\t\t\t\t<a class=\"elementor-icon elementor-social-icon elementor-social-icon-instagram elementor-animation-grow elementor-repeater-item-fac13cb\" href=\"https:\/\/www.instagram.com\/nayarateofilo.psi\/\" target=\"_blank\">\n\t\t\t\t\t\t<span class=\"elementor-screen-only\">Instagram<\/span>\n\t\t\t\t\t\t<svg aria-hidden=\"true\" class=\"e-font-icon-svg e-fab-instagram\" viewBox=\"0 0 448 512\" xmlns=\"http:\/\/www.w3.org\/2000\/svg\"><path d=\"M224.1 141c-63.6 0-114.9 51.3-114.9 114.9s51.3 114.9 114.9 114.9S339 319.5 339 255.9 287.7 141 224.1 141zm0 189.6c-41.1 0-74.7-33.5-74.7-74.7s33.5-74.7 74.7-74.7 74.7 33.5 74.7 74.7-33.6 74.7-74.7 74.7zm146.4-194.3c0 14.9-12 26.8-26.8 26.8-14.9 0-26.8-12-26.8-26.8s12-26.8 26.8-26.8 26.8 12 26.8 26.8zm76.1 27.2c-1.7-35.9-9.9-67.7-36.2-93.9-26.2-26.2-58-34.4-93.9-36.2-37-2.1-147.9-2.1-184.9 0-35.8 1.7-67.6 9.9-93.9 36.1s-34.4 58-36.2 93.9c-2.1 37-2.1 147.9 0 184.9 1.7 35.9 9.9 67.7 36.2 93.9s58 34.4 93.9 36.2c37 2.1 147.9 2.1 184.9 0 35.9-1.7 67.7-9.9 93.9-36.2 26.2-26.2 34.4-58 36.2-93.9 2.1-37 2.1-147.8 0-184.8zM398.8 388c-7.8 19.6-22.9 34.7-42.6 42.6-29.5 11.7-99.5 9-132.1 9s-102.7 2.6-132.1-9c-19.6-7.8-34.7-22.9-42.6-42.6-11.7-29.5-9-99.5-9-132.1s-2.6-102.7 9-132.1c7.8-19.6 22.9-34.7 42.6-42.6 29.5-11.7 99.5-9 132.1-9s102.7-2.6 132.1 9c19.6 7.8 34.7 22.9 42.6 42.6 11.7 29.5 9 99.5 9 132.1s2.7 102.7-9 132.1z\"><\/path><\/svg>\t\t\t\t\t<\/a>\n\t\t\t\t<\/span>\n\t\t\t\t\t\t\t<span class=\"elementor-grid-item\" role=\"listitem\">\n\t\t\t\t\t<a class=\"elementor-icon elementor-social-icon elementor-social-icon-facebook elementor-animation-grow elementor-repeater-item-4e03e39\" href=\"https:\/\/www.facebook.com\/FreeParaDeus\/\" target=\"_blank\">\n\t\t\t\t\t\t<span class=\"elementor-screen-only\">Facebook<\/span>\n\t\t\t\t\t\t<svg aria-hidden=\"true\" class=\"e-font-icon-svg e-fab-facebook\" viewBox=\"0 0 512 512\" xmlns=\"http:\/\/www.w3.org\/2000\/svg\"><path d=\"M504 256C504 119 393 8 256 8S8 119 8 256c0 123.78 90.69 226.38 209.25 245V327.69h-63V256h63v-54.64c0-62.15 37-96.48 93.67-96.48 27.14 0 55.52 4.84 55.52 4.84v61h-31.28c-30.8 0-40.41 19.12-40.41 38.73V256h68.78l-11 71.69h-57.78V501C413.31 482.38 504 379.78 504 256z\"><\/path><\/svg>\t\t\t\t\t<\/a>\n\t\t\t\t<\/span>\n\t\t\t\t\t<\/div>\n\t\t\t\t\t\t<\/div>\n\t\t\t\t<\/div>\n\t\t<div class=\"elementor-element elementor-element-f250d44 e-flex e-con-boxed wpr-particle-no wpr-jarallax-no wpr-parallax-no wpr-sticky-section-no e-con e-parent\" data-id=\"f250d44\" data-element_type=\"container\" data-e-type=\"container\" data-settings=\"{&quot;background_background&quot;:&quot;classic&quot;,&quot;_ha_eqh_enable&quot;:false}\">\n\t\t\t\t\t<div class=\"e-con-inner\">\n\t\t<div class=\"elementor-element elementor-element-8361d97 e-con-full e-flex wpr-particle-no wpr-jarallax-no wpr-parallax-no wpr-sticky-section-no elementor-invisible e-con e-child\" data-id=\"8361d97\" data-element_type=\"container\" data-e-type=\"container\" data-settings=\"{&quot;animation&quot;:&quot;fadeIn&quot;,&quot;animation_mobile&quot;:&quot;fadeIn&quot;,&quot;_ha_eqh_enable&quot;:false}\">\n\t\t\t\t<div class=\"elementor-element elementor-element-89bb302 elementor-widget__width-initial elementor-widget elementor-widget-heading\" data-id=\"89bb302\" data-element_type=\"widget\" data-e-type=\"widget\" data-widget_type=\"heading.default\">\n\t\t\t\t\t<h2 class=\"elementor-heading-title elementor-size-default\">CRP: 06\/215840<\/h2>\t\t\t\t<\/div>\n\t\t\t\t<div class=\"elementor-element elementor-element-8cf1063 elementor-widget elementor-widget-heading\" data-id=\"8cf1063\" data-element_type=\"widget\" data-e-type=\"widget\" data-widget_type=\"heading.default\">\n\t\t\t\t\t<h4 class=\"elementor-heading-title elementor-size-default\">Psic\u00f3loga \nNayara Te\u00f3filo<\/h4>\t\t\t\t<\/div>\n\t\t<div class=\"elementor-element elementor-element-0df9e81 e-con-full e-flex wpr-particle-no wpr-jarallax-no wpr-parallax-no wpr-sticky-section-no e-con e-child\" data-id=\"0df9e81\" data-element_type=\"container\" data-e-type=\"container\" data-settings=\"{&quot;animation_mobile&quot;:&quot;fadeIn&quot;,&quot;_ha_eqh_enable&quot;:false}\">\n\t\t<div class=\"elementor-element elementor-element-8bfd141 e-con-full e-flex wpr-particle-no wpr-jarallax-no wpr-parallax-no wpr-sticky-section-no e-con e-child\" data-id=\"8bfd141\" data-element_type=\"container\" data-e-type=\"container\" data-settings=\"{&quot;background_background&quot;:&quot;classic&quot;,&quot;animation_mobile&quot;:&quot;fadeIn&quot;,&quot;_ha_eqh_enable&quot;:false}\">\n\t\t\t\t<div class=\"elementor-element elementor-element-cb05f29 elementor-widget elementor-widget-heading\" data-id=\"cb05f29\" data-element_type=\"widget\" data-e-type=\"widget\" data-widget_type=\"heading.default\">\n\t\t\t\t\t<h2 class=\"elementor-heading-title elementor-size-default\">Sobre mim<\/h2>\t\t\t\t<\/div>\n\t\t\t\t<div class=\"elementor-element elementor-element-a06ebfc elementor-align-left elementor-widget__width-initial elementor-widget-tablet__width-initial elementor-widget-mobile__width-initial elementor-mobile-align-center elementor-widget elementor-widget-button\" data-id=\"a06ebfc\" data-element_type=\"widget\" data-e-type=\"widget\" data-settings=\"{&quot;_animation_mobile&quot;:&quot;tada&quot;}\" data-widget_type=\"button.default\">\n\t\t\t\t\t\t\t\t\t\t<a class=\"elementor-button elementor-button-link elementor-size-sm elementor-animation-shrink\" href=\"#entreemcontato\">\n\t\t\t\t\t\t<span class=\"elementor-button-content-wrapper\">\n\t\t\t\t\t\t\t\t\t<span class=\"elementor-button-text\">Quero conhecer Nayara<\/span>\n\t\t\t\t\t<\/span>\n\t\t\t\t\t<\/a>\n\t\t\t\t\t\t\t\t<\/div>\n\t\t\t\t<div class=\"elementor-element elementor-element-7a2d2a2 elementor-widget-mobile__width-initial elementor-widget elementor-widget-text-editor\" data-id=\"7a2d2a2\" data-element_type=\"widget\" data-e-type=\"widget\" data-widget_type=\"text-editor.default\">\n\t\t\t\t\t\t\t\t\t<p data-start=\"152\" data-end=\"274\"><strong>Muito prazer, sou Nayara \ud83e\udd0d<\/strong><\/p><p data-start=\"152\" data-end=\"274\">Psic\u00f3loga com abordagem em Terapia Cognitivo-Comportamental e Pr\u00e1tica Baseada em Evid\u00eancias.<\/p><p data-start=\"152\" data-end=\"274\">\u00a0<\/p><p data-start=\"276\" data-end=\"522\">Acredito no poder da mente e na nossa capacidade de transformar a vida a partir do autoconhecimento.Meu trabalho \u00e9 te ajudar a lidar melhor com suas emo\u00e7\u00f5es, cultivar comportamentos mais saud\u00e1veis e viver com mais leveza, inten\u00e7\u00e3o e prop\u00f3sito.<\/p><p data-start=\"276\" data-end=\"522\">\u00a0<\/p><p data-start=\"524\" data-end=\"697\">Sou apaixonada pelo ser humano e pela jornada de ser quem se \u00e9. Por isso, estou em constante aprimoramento, oferecendo um atendimento \u00e9tico, acolhedor e embasado na ci\u00eancia.<\/p><p data-start=\"524\" data-end=\"697\">\u00a0<\/p><p data-start=\"699\" data-end=\"815\">Seja bem-vindo(a) a este espa\u00e7o. Aqui, voc\u00ea encontrar\u00e1 apoio para caminhar com mais equil\u00edbrio \u2014 de dentro pra fora.<\/p>\t\t\t\t\t\t\t\t<\/div>\n\t\t\t\t<\/div>\n\t\t<div class=\"elementor-element elementor-element-7edfc14 e-con-full e-flex wpr-particle-no wpr-jarallax-no wpr-parallax-no wpr-sticky-section-no e-con e-child\" data-id=\"7edfc14\" data-element_type=\"container\" data-e-type=\"container\" data-settings=\"{&quot;animation_mobile&quot;:&quot;fadeInLeft&quot;,&quot;background_background&quot;:&quot;classic&quot;,&quot;_ha_eqh_enable&quot;:false}\">\n\t\t\t\t<div class=\"elementor-element elementor-element-2d27d24 elementor-hidden-desktop elementor-hidden-tablet elementor-widget elementor-widget-image\" data-id=\"2d27d24\" data-element_type=\"widget\" data-e-type=\"widget\" data-widget_type=\"image.default\">\n\t\t\t\t\t\t\t\t\t\t\t\t\t\t\t<img decoding=\"async\" width=\"895\" height=\"977\" src=\"https:\/\/psinayarateofilo.com\/wp-content\/uploads\/2025\/06\/freepik__create-an-image-sitting-on-the-floor-with-books-on__5111-1-e1751340222782.jpeg\" class=\"attachment-full size-full wp-image-432\" alt=\"\" srcset=\"https:\/\/psinayarateofilo.com\/wp-content\/uploads\/2025\/06\/freepik__create-an-image-sitting-on-the-floor-with-books-on__5111-1-e1751340222782.jpeg 895w, https:\/\/psinayarateofilo.com\/wp-content\/uploads\/2025\/06\/freepik__create-an-image-sitting-on-the-floor-with-books-on__5111-1-e1751340222782-275x300.jpeg 275w, https:\/\/psinayarateofilo.com\/wp-content\/uploads\/2025\/06\/freepik__create-an-image-sitting-on-the-floor-with-books-on__5111-1-e1751340222782-768x838.jpeg 768w\" sizes=\"(max-width: 895px) 100vw, 895px\" \/>\t\t\t\t\t\t\t\t\t\t\t\t\t\t\t<\/div>\n\t\t\t\t<\/div>\n\t\t<div class=\"elementor-element elementor-element-1b2e7f8 e-con-full e-flex wpr-particle-no wpr-jarallax-no wpr-parallax-no wpr-sticky-section-no e-con e-child\" data-id=\"1b2e7f8\" data-element_type=\"container\" data-e-type=\"container\" data-settings=\"{&quot;animation_mobile&quot;:&quot;fadeIn&quot;,&quot;_ha_eqh_enable&quot;:false}\">\n\t\t\t\t<div class=\"elementor-element elementor-element-9f11315 elementor-widget-mobile__width-initial ha-has-bg-overlay elementor-widget elementor-widget-heading\" data-id=\"9f11315\" data-element_type=\"widget\" data-e-type=\"widget\" data-widget_type=\"heading.default\">\n\t\t\t\t\t<h2 class=\"elementor-heading-title elementor-size-default\">Gradua\u00e7\u00e3o\/Forma\u00e7\u00f5es<\/h2>\t\t\t\t<\/div>\n\t\t<div class=\"elementor-element elementor-element-33bf9f6 e-con-full e-flex wpr-particle-no wpr-jarallax-no wpr-parallax-no wpr-sticky-section-no e-con e-child\" data-id=\"33bf9f6\" data-element_type=\"container\" data-e-type=\"container\" data-settings=\"{&quot;_ha_eqh_enable&quot;:false}\">\n\t\t\t\t<div class=\"elementor-element elementor-element-b333463 elementor-widget-mobile__width-initial elementor-widget elementor-widget-text-editor\" data-id=\"b333463\" data-element_type=\"widget\" data-e-type=\"widget\" data-widget_type=\"text-editor.default\">\n\t\t\t\t\t\t\t\t\t<p><strong>\u2713<\/strong> Graduada em Psicologia pela Univerdade Paulista e P\u00f3s-graduanda em Terapia Cognitivo-Comportamental pela Pontif\u00edcia Universidade Cat\u00f3lica do Rio Grande do Sul<\/p>\t\t\t\t\t\t\t\t<\/div>\n\t\t\t\t<div class=\"elementor-element elementor-element-c4e6128 elementor-widget-mobile__width-initial elementor-widget-divider--view-line elementor-widget elementor-widget-divider\" data-id=\"c4e6128\" data-element_type=\"widget\" data-e-type=\"widget\" data-widget_type=\"divider.default\">\n\t\t\t\t\t\t\t<div class=\"elementor-divider\">\n\t\t\t<span class=\"elementor-divider-separator\">\n\t\t\t\t\t\t<\/span>\n\t\t<\/div>\n\t\t\t\t\t\t<\/div>\n\t\t\t\t<div class=\"elementor-element elementor-element-9098c3c elementor-widget-mobile__width-initial elementor-widget elementor-widget-text-editor\" data-id=\"9098c3c\" data-element_type=\"widget\" data-e-type=\"widget\" data-widget_type=\"text-editor.default\">\n\t\t\t\t\t\t\t\t\t<p><strong>\u2713<\/strong> Forma\u00e7\u00e3o em andamento em Psicopatologia e Psicofarmacologia<\/p>\t\t\t\t\t\t\t\t<\/div>\n\t\t\t\t<div class=\"elementor-element elementor-element-eced937 elementor-widget-mobile__width-initial elementor-widget-divider--view-line elementor-widget elementor-widget-divider\" data-id=\"eced937\" data-element_type=\"widget\" data-e-type=\"widget\" data-widget_type=\"divider.default\">\n\t\t\t\t\t\t\t<div class=\"elementor-divider\">\n\t\t\t<span class=\"elementor-divider-separator\">\n\t\t\t\t\t\t<\/span>\n\t\t<\/div>\n\t\t\t\t\t\t<\/div>\n\t\t\t\t<div class=\"elementor-element elementor-element-952db7d elementor-widget-mobile__width-initial elementor-widget elementor-widget-text-editor\" data-id=\"952db7d\" data-element_type=\"widget\" data-e-type=\"widget\" data-widget_type=\"text-editor.default\">\n\t\t\t\t\t\t\t\t\t<p><strong>\u2713<\/strong> Participa\u00e7\u00e3o cont\u00ednua em cursos, workshops e congressos na \u00e1rea de Psicologia, com o objetivo de manter-me atualizada e em constante aprimoramento para oferecer sempre as melhores abordagens e pr\u00e1ticas baseadas em evid\u00eancias cient\u00edficas.<\/p>\t\t\t\t\t\t\t\t<\/div>\n\t\t\t\t<\/div>\n\t\t\t\t<\/div>\n\t\t\t\t<\/div>\n\t\t\t\t<\/div>\n\t\t\t\t\t<\/div>\n\t\t\t\t<\/div>\n\t\t<div class=\"elementor-element elementor-element-154ab812 e-flex e-con-boxed wpr-particle-no wpr-jarallax-no wpr-parallax-no wpr-sticky-section-no e-con e-parent\" data-id=\"154ab812\" data-element_type=\"container\" data-e-type=\"container\" data-settings=\"{&quot;background_background&quot;:&quot;classic&quot;,&quot;_ha_eqh_enable&quot;:false}\">\n\t\t\t\t\t<div class=\"e-con-inner\">\n\t\t\t\t<div class=\"elementor-element elementor-element-180d4b5f elementor-widget-mobile__width-initial elementor-widget__width-initial elementor-widget elementor-widget-image\" data-id=\"180d4b5f\" data-element_type=\"widget\" data-e-type=\"widget\" data-widget_type=\"image.default\">\n\t\t\t\t\t\t\t\t\t\t\t\t\t\t\t<img fetchpriority=\"high\" decoding=\"async\" width=\"2560\" height=\"1440\" src=\"https:\/\/psinayarateofilo.com\/wp-content\/uploads\/2025\/06\/1-2-scaled.png\" class=\"attachment-full size-full wp-image-1556\" alt=\"\" srcset=\"https:\/\/psinayarateofilo.com\/wp-content\/uploads\/2025\/06\/1-2-scaled.png 2560w, https:\/\/psinayarateofilo.com\/wp-content\/uploads\/2025\/06\/1-2-300x169.png 300w, https:\/\/psinayarateofilo.com\/wp-content\/uploads\/2025\/06\/1-2-1024x576.png 1024w, https:\/\/psinayarateofilo.com\/wp-content\/uploads\/2025\/06\/1-2-768x432.png 768w, https:\/\/psinayarateofilo.com\/wp-content\/uploads\/2025\/06\/1-2-1536x864.png 1536w, https:\/\/psinayarateofilo.com\/wp-content\/uploads\/2025\/06\/1-2-2048x1152.png 2048w\" sizes=\"(max-width: 2560px) 100vw, 2560px\" \/>\t\t\t\t\t\t\t\t\t\t\t\t\t\t\t<\/div>\n\t\t\t\t<div class=\"elementor-element elementor-element-69d0d640 elementor-widget-divider--view-line elementor-widget elementor-widget-divider\" data-id=\"69d0d640\" data-element_type=\"widget\" data-e-type=\"widget\" data-widget_type=\"divider.default\">\n\t\t\t\t\t\t\t<div class=\"elementor-divider\">\n\t\t\t<span class=\"elementor-divider-separator\">\n\t\t\t\t\t\t<\/span>\n\t\t<\/div>\n\t\t\t\t\t\t<\/div>\n\t\t\t\t<div class=\"elementor-element elementor-element-5419ad89 elementor-widget elementor-widget-text-editor\" data-id=\"5419ad89\" data-element_type=\"widget\" data-e-type=\"widget\" data-widget_type=\"text-editor.default\">\n\t\t\t\t\t\t\t\t\t<p><span style=\"color: #1e1e1e; font-family: Montserrat, sans-serif;\">Desenvolvido por Nayara Te\u00f3filo <br \/>Copyright \u00a9 2025 &#8211; Todos os direitos reservados.<\/span><\/p>\t\t\t\t\t\t\t\t<\/div>\n\t\t\t\t\t<\/div>\n\t\t\t\t<\/div>\n\t\t\t\t<\/div>\n\t\t","protected":false},"excerpt":{"rendered":"<p>Whatsapp Instagram Facebook CRP: 06\/215840 Psic\u00f3loga Nayara Te\u00f3filo Sobre mim Quero conhecer Nayara Muito prazer, sou Nayara \ud83e\udd0d Psic\u00f3loga com abordagem em Terapia Cognitivo-Comportamental e Pr\u00e1tica Baseada em Evid\u00eancias. \u00a0 Acredito no poder da mente e na nossa capacidade de transformar a vida a partir do autoconhecimento.Meu trabalho \u00e9 te ajudar a lidar melhor com suas emo\u00e7\u00f5es, cultivar comportamentos mais saud\u00e1veis e viver com mais leveza, inten\u00e7\u00e3o e prop\u00f3sito. \u00a0 Sou apaixonada pelo ser humano e pela jornada de ser quem se \u00e9. Por isso, estou em constante aprimoramento, oferecendo um atendimento \u00e9tico, acolhedor e embasado na ci\u00eancia. \u00a0 Seja bem-vindo(a) a este espa\u00e7o. Aqui, voc\u00ea encontrar\u00e1 apoio para caminhar com mais equil\u00edbrio \u2014 de dentro pra fora. Gradua\u00e7\u00e3o\/Forma\u00e7\u00f5es \u2713 Graduada em Psicologia pela Univerdade Paulista e P\u00f3s-graduanda em Terapia Cognitivo-Comportamental pela Pontif\u00edcia Universidade Cat\u00f3lica do Rio Grande do Sul \u2713 Forma\u00e7\u00e3o em andamento em Psicopatologia e Psicofarmacologia \u2713 Participa\u00e7\u00e3o cont\u00ednua em cursos, workshops e congressos na \u00e1rea de Psicologia, com o objetivo de manter-me atualizada e em constante aprimoramento para oferecer sempre as melhores abordagens e pr\u00e1ticas baseadas em evid\u00eancias cient\u00edficas. Desenvolvido por Nayara Te\u00f3filo Copyright \u00a9 2025 &#8211; Todos os direitos reservados.<\/p>\n","protected":false},"author":1,"featured_media":0,"parent":0,"menu_order":0,"comment_status":"closed","ping_status":"closed","template":"","meta":{"footnotes":""},"class_list":["post-536","page","type-page","status-publish","hentry"],"_hostinger_reach_plugin_has_subscription_block":false,"_hostinger_reach_plugin_is_elementor":false,"_links":{"self":[{"href":"https:\/\/psinayarateofilo.com\/index.php?rest_route=\/wp\/v2\/pages\/536","targetHints":{"allow":["GET"]}}],"collection":[{"href":"https:\/\/psinayarateofilo.com\/index.php?rest_route=\/wp\/v2\/pages"}],"about":[{"href":"https:\/\/psinayarateofilo.com\/index.php?rest_route=\/wp\/v2\/types\/page"}],"author":[{"embeddable":true,"href":"https:\/\/psinayarateofilo.com\/index.php?rest_route=\/wp\/v2\/users\/1"}],"replies":[{"embeddable":true,"href":"https:\/\/psinayarateofilo.com\/index.php?rest_route=%2Fwp%2Fv2%2Fcomments&post=536"}],"version-history":[{"count":13,"href":"https:\/\/psinayarateofilo.com\/index.php?rest_route=\/wp\/v2\/pages\/536\/revisions"}],"predecessor-version":[{"id":3380,"href":"https:\/\/psinayarateofilo.com\/index.php?rest_route=\/wp\/v2\/pages\/536\/revisions\/3380"}],"wp:attachment":[{"href":"https:\/\/psinayarateofilo.com\/index.php?rest_route=%2Fwp%2Fv2%2Fmedia&parent=536"}],"curies":[{"name":"wp","href":"https:\/\/api.w.org\/{rel}","templated":true}]}}